{"id":367,"date":"2014-09-13T17:30:30","date_gmt":"2014-09-13T17:30:30","guid":{"rendered":"http:\/\/wp\/?page_id=367"},"modified":"2015-11-29T19:11:37","modified_gmt":"2015-11-29T22:11:37","slug":"productos","status":"publish","type":"page","link":"https:\/\/www.infoki.com.ar\/?page_id=367","title":{"rendered":"Nuestros Productos"},"content":{"rendered":"\n<style type=\"text\/css\" data-created_by=\"avia_inline_auto\" id=\"style-css-av-av_section-08407caecf6e4af6c8e4300ea4dfb3f2\">\n.avia-section.av-av_section-08407caecf6e4af6c8e4300ea4dfb3f2{\nbackground-color:#4ec9a4;\nbackground-image:url(https:\/\/www.infoki.com.ar\/wp-content\/uploads\/2014\/08\/icon_bg_trans_wave.png);\nbackground-repeat:no-repeat;\nbackground-position:100% 100%;\nbackground-attachment:scroll;\n}\n.avia-section.av-av_section-08407caecf6e4af6c8e4300ea4dfb3f2 .av-extra-border-element .av-extra-border-inner{\nbackground-color:#4ec9a4;\n}\n<\/style>\n<div id='av_section_1'  class='avia-section av-av_section-08407caecf6e4af6c8e4300ea4dfb3f2 main_color avia-section-default avia-no-border-styling  avia-builder-el-0  el_before_av_layout_row  avia-builder-el-first  avia-bg-style-scroll av-arrow-down-section av-minimum-height av-minimum-height-custom  container_wrap sidebar_right'  data-section-bg-repeat='no-repeat' data-av_minimum_height_px='430'><div class='container av-section-cont-open' style='height:430px'><main  role=\"main\" itemprop=\"mainContentOfPage\"  class='template-page content  av-content-small alpha units'><div class='post-entry post-entry-type-page post-entry-367'><div class='entry-content-wrapper clearfix'>\n\n<style type=\"text\/css\" data-created_by=\"avia_inline_auto\" id=\"style-css-av-av_heading-f2324cd63df8a9c564b71581f5db7329\">\n#top .av-special-heading.av-av_heading-f2324cd63df8a9c564b71581f5db7329{\npadding-bottom:40px;\ncolor:#ffffff;\nfont-size:72px;\n}\nbody .av-special-heading.av-av_heading-f2324cd63df8a9c564b71581f5db7329 .av-special-heading-tag .heading-char{\nfont-size:25px;\n}\n#top #wrap_all .av-special-heading.av-av_heading-f2324cd63df8a9c564b71581f5db7329 .av-special-heading-tag{\nfont-size:72px;\n}\n.av-special-heading.av-av_heading-f2324cd63df8a9c564b71581f5db7329 .special-heading-inner-border{\nborder-color:#ffffff;\n}\n.av-special-heading.av-av_heading-f2324cd63df8a9c564b71581f5db7329 .av-subheading{\nfont-size:20px;\n}\n\n@media only screen and (min-width: 480px) and (max-width: 767px){ \n#top #wrap_all .av-special-heading.av-av_heading-f2324cd63df8a9c564b71581f5db7329 .av-special-heading-tag{\nfont-size:0.8em;\n}\n}\n\n@media only screen and (max-width: 479px){ \n#top #wrap_all .av-special-heading.av-av_heading-f2324cd63df8a9c564b71581f5db7329 .av-special-heading-tag{\nfont-size:0.8em;\n}\n}\n<\/style>\n<div  class='av-special-heading av-av_heading-f2324cd63df8a9c564b71581f5db7329 av-special-heading-h2 custom-color-heading blockquote modern-quote  avia-builder-el-1  avia-builder-el-no-sibling  av-inherit-size'><h2 class='av-special-heading-tag'  itemprop=\"headline\"  >Nuestros Productos<\/h2><div class='av_custom_color av-subheading av-subheading_below'><p>Siete l\u00edneas de productos, una soluci\u00f3n integrada.<\/p>\n<\/div><div class=\"special-heading-border\"><div class=\"special-heading-inner-border\"><\/div><\/div><\/div>\n\n<\/div><\/div><\/main><!-- close content main element --><\/div><div class='av-extra-border-element border-extra-arrow-down'><div class='av-extra-border-outer'><div class='av-extra-border-inner'><\/div><\/div><\/div><\/div><div id='av-layout-grid-1'  class='av-layout-grid-container av-av_layout_row-bdfef2edcf6b327f55722d2998a05223 entry-content-wrapper main_color av-flex-cells  avia-builder-el-2  el_after_av_section  avia-builder-el-last  grid-row-not-first  container_wrap sidebar_right'  >\n\n<style type=\"text\/css\" data-created_by=\"avia_inline_auto\" id=\"style-css-av-av_cell_one_full-6a2c4e8bb15a88ac05b8212173e9eef9\">\n.flex_cell.av-av_cell_one_full-6a2c4e8bb15a88ac05b8212173e9eef9{\nvertical-align:top;\n}\n.responsive #top #wrap_all .flex_cell.av-av_cell_one_full-6a2c4e8bb15a88ac05b8212173e9eef9{\npadding:30px 30px 30px 30px !important;\n}\n<\/style>\n<div class='flex_cell av-av_cell_one_full-6a2c4e8bb15a88ac05b8212173e9eef9 av-gridrow-cell av_one_full no_margin  avia-builder-el-3  avia-builder-el-no-sibling ' ><div class='flex_cell_inner'><p>\n<style type=\"text\/css\" data-created_by=\"avia_inline_auto\" id=\"style-css-av-av_textblock-fae8699d538200a543ba402659dba9b0\">\n#top .av_textblock_section.av-av_textblock-fae8699d538200a543ba402659dba9b0 .avia_textblock{\nfont-size:16px;\n}\n<\/style>\n<section  class='av_textblock_section av-av_textblock-fae8699d538200a543ba402659dba9b0'  itemscope=\"itemscope\" itemtype=\"https:\/\/schema.org\/CreativeWork\" ><div class='avia_textblock'  itemprop=\"text\" ><p>Desarrollamos una sumatoria de procesos integrados con los siguientes beneficios:<\/p>\n<ul>\n<li><b>Costos<\/b>, pueden ejercer un control m\u00e1s eficiente de las operaciones.<\/li>\n<li><b>Control<\/b>, mediante un sistema online se accede a la informaci\u00f3n en tiempo real pudiendo llevar la trazabilidad de todos los productos, por tropa o lote.<\/li>\n<li><b>Mejora operativa<\/b>, podr\u00e1 actuar con mayor rapidez y eficacia en las correcciones que apunten a mejoras operativas.<\/li>\n<li><b>Transformaci\u00f3n del Negocio<\/b>, el cliente accede a otra escala de negocio que afecta positivamente la relaci\u00f3n con sus propios clientes.<\/li>\n<li><b>Superaci\u00f3n<\/b>, ya que se dejan atr\u00e1s las incapacidades operativas internas de la empresa.<\/li>\n<li><b>Mejorar el rendimiento del stock<\/b>, con mayor velocidad en la rotaci\u00f3n y adem\u00e1s una reducci\u00f3n del mismo.<\/li>\n<li>Tambi\u00e9n cuentan con la posibilidad de hacer una<span class=\"Apple-converted-space\"> <\/span><b>asignaci\u00f3n m\u00e1s adecuada de los recursos<\/b>.<\/li>\n<\/ul>\n<p>Puede bajar el siguiente gr\u00e1fico de procesos para conocer el funcionamiento de nuestro sistema.<\/p>\n<\/div><\/section><br \/>\n<div  class='avia-button-wrap av-av_button-c94e2ffcf5762c6b26563092f70d8e8f-wrap avia-button-center  avia-builder-el-5  el_after_av_textblock  el_before_av_textblock '><a href='http:\/\/www.infoki.com.ar\/pdf\/grafico_procesos.pdf'  class='avia-button av-av_button-c94e2ffcf5762c6b26563092f70d8e8f avia-icon_select-yes-left-icon avia-size-small avia-position-center avia-color-theme-color'  target=\"_blank\"  rel=\"noopener noreferrer\" ><span class='avia_button_icon avia_button_icon_left' aria-hidden='true' data-av_icon='\ue84d' data-av_iconfont='entypo-fontello'><\/span><span class='avia_iconbox_title' >Gr\u00e1fico de procesos<\/span><\/a><\/div><br \/>\n<section  class='av_textblock_section av-av_textblock-0366cc7376be6c9e82a3e9cc8987b64f'  itemscope=\"itemscope\" itemtype=\"https:\/\/schema.org\/CreativeWork\" ><div class='avia_textblock'  itemprop=\"text\" ><p>Adem\u00e1s ofrecemos las mejores herramientas inform\u00e1ticas para su empresa :<\/p>\n<\/div><\/section><br \/>\n\n<style type=\"text\/css\" data-created_by=\"avia_inline_auto\" id=\"style-css-av-av_one_third-9497bbf8bff73ea4c6992cc17fa9ec36\">\n.flex_column.av-av_one_third-9497bbf8bff73ea4c6992cc17fa9ec36{\n-webkit-border-radius:0px 0px 0px 0px;\n-moz-border-radius:0px 0px 0px 0px;\nborder-radius:0px 0px 0px 0px;\npadding:0px 0px 0px 0px;\n}\n<\/style>\n<div class='flex_column av-av_one_third-9497bbf8bff73ea4c6992cc17fa9ec36 av_one_third  avia-builder-el-7  el_after_av_textblock  el_before_av_one_third  first flex_column_div av-zero-column-padding column-top-margin'     ><style type=\"text\/css\" data-created_by=\"avia_inline_auto\" id=\"style-css-av-av_image-6a9eb785bf0dbba615c0015d52f1d31b\">\n.avia-image-container.av-av_image-6a9eb785bf0dbba615c0015d52f1d31b img.avia_image{\nbox-shadow:none;\n}\n.avia-image-container.av-av_image-6a9eb785bf0dbba615c0015d52f1d31b .av-image-caption-overlay-center{\ncolor:#ffffff;\n}\n<\/style>\n<div  class='avia-image-container av-av_image-6a9eb785bf0dbba615c0015d52f1d31b av-styling- avia-align-center  avia-builder-el-8  avia-builder-el-no-sibling '   itemprop=\"image\" itemscope=\"itemscope\" itemtype=\"https:\/\/schema.org\/ImageObject\" ><div class=\"avia-image-container-inner\"><div class=\"avia-image-overlay-wrap\"><img class='wp-image-530 avia-img-lazy-loading-not-530 avia_image ' src='https:\/\/www.infoki.com.ar\/wp-content\/uploads\/2014\/09\/Premium_72dpi_160X60.jpg' alt='' title='Premium_72dpi_160X60'  height=\"60\" width=\"160\"  itemprop=\"thumbnailUrl\"  \/><\/div><\/div><\/div><\/div>\n<style type=\"text\/css\" data-created_by=\"avia_inline_auto\" id=\"style-css-av-av_one_third-9c1d454dc06f7247226bc4e8f931daae\">\n.flex_column.av-av_one_third-9c1d454dc06f7247226bc4e8f931daae{\n-webkit-border-radius:0px 0px 0px 0px;\n-moz-border-radius:0px 0px 0px 0px;\nborder-radius:0px 0px 0px 0px;\npadding:0px 0px 0px 0px;\n}\n<\/style>\n<div class='flex_column av-av_one_third-9c1d454dc06f7247226bc4e8f931daae av_one_third  avia-builder-el-9  el_after_av_one_third  el_before_av_one_third  flex_column_div av-zero-column-padding column-top-margin'     ><style type=\"text\/css\" data-created_by=\"avia_inline_auto\" id=\"style-css-av-av_image-b703fab0d9698986ec544b90b887c7cf\">\n.avia-image-container.av-av_image-b703fab0d9698986ec544b90b887c7cf img.avia_image{\nbox-shadow:none;\n}\n.avia-image-container.av-av_image-b703fab0d9698986ec544b90b887c7cf .av-image-caption-overlay-center{\ncolor:#ffffff;\n}\n<\/style>\n<div  class='avia-image-container av-av_image-b703fab0d9698986ec544b90b887c7cf av-styling- avia-align-center  avia-builder-el-10  avia-builder-el-no-sibling '   itemprop=\"image\" itemscope=\"itemscope\" itemtype=\"https:\/\/schema.org\/ImageObject\" ><div class=\"avia-image-container-inner\"><div class=\"avia-image-overlay-wrap\"><img class='wp-image-531 avia-img-lazy-loading-not-531 avia_image ' src='https:\/\/www.infoki.com.ar\/wp-content\/uploads\/2014\/09\/DataModeler_72dpi_160X60.jpg' alt='' title='DataModeler_72dpi_160X60'  height=\"60\" width=\"160\"  itemprop=\"thumbnailUrl\"  \/><\/div><\/div><\/div><\/div>\n<style type=\"text\/css\" data-created_by=\"avia_inline_auto\" id=\"style-css-av-av_one_third-9c1d454dc06f7247226bc4e8f931daae\">\n.flex_column.av-av_one_third-9c1d454dc06f7247226bc4e8f931daae{\n-webkit-border-radius:0px 0px 0px 0px;\n-moz-border-radius:0px 0px 0px 0px;\nborder-radius:0px 0px 0px 0px;\npadding:0px 0px 0px 0px;\n}\n<\/style>\n<div class='flex_column av-av_one_third-9c1d454dc06f7247226bc4e8f931daae av_one_third  avia-builder-el-11  el_after_av_one_third  el_before_av_textblock  flex_column_div av-zero-column-padding column-top-margin'     ><style type=\"text\/css\" data-created_by=\"avia_inline_auto\" id=\"style-css-av-av_image-8d3e03cacd8d0a125723728daf1ab17d\">\n.avia-image-container.av-av_image-8d3e03cacd8d0a125723728daf1ab17d img.avia_image{\nbox-shadow:none;\n}\n.avia-image-container.av-av_image-8d3e03cacd8d0a125723728daf1ab17d .av-image-caption-overlay-center{\ncolor:#ffffff;\n}\n<\/style>\n<div  class='avia-image-container av-av_image-8d3e03cacd8d0a125723728daf1ab17d av-styling- avia-align-center  avia-builder-el-12  avia-builder-el-no-sibling '   itemprop=\"image\" itemscope=\"itemscope\" itemtype=\"https:\/\/schema.org\/ImageObject\" ><div class=\"avia-image-container-inner\"><div class=\"avia-image-overlay-wrap\"><img class='wp-image-529 avia-img-lazy-loading-not-529 avia_image ' src='https:\/\/www.infoki.com.ar\/wp-content\/uploads\/2014\/09\/PostgreSQL_72dpi_160X60.jpg' alt='' title='PostgreSQL_72dpi_160X60'  height=\"60\" width=\"160\"  itemprop=\"thumbnailUrl\"  \/><\/div><\/div><\/div><\/div><section  class='av_textblock_section av-av_textblock-0366cc7376be6c9e82a3e9cc8987b64f'  itemscope=\"itemscope\" itemtype=\"https:\/\/schema.org\/CreativeWork\" ><div class='avia_textblock'  itemprop=\"text\" ><p>Si quiere conocer m\u00e1s acerca de nuestros productos vea el siguiente<span class=\"Apple-converted-space\"> <\/span><b>video promocional<\/b>:<\/p>\n<\/div><\/section><br \/>\n<div  class='avia-video av-av_video-ba64072ecd8ff49d5bfbe5292c9e6f30 avia-video-16-9 av-no-preview-image avia-video-load-always av-lazyload-immediate av-lazyload-video-embed'  itemprop=\"video\" itemtype=\"https:\/\/schema.org\/VideoObject\"  data-original_url='http:\/\/vimeo.com\/106082954'><script type='text\/html' class='av-video-tmpl'><div class='avia-iframe-wrap'><iframe loading=\"lazy\" src=\"https:\/\/player.vimeo.com\/video\/106082954?autoplay=0&loop=0&controls=1&muted=0\" width=\"1280\" height=\"720\" frameborder=\"0\" title=\"Sistema Trazabilidad para frigor&iacute;ficos\" webkitallowfullscreen mozallowfullscreen allowfullscreen><\/iframe><\/div><\/script><div class='av-click-to-play-overlay'><div class=\"avia_playpause_icon\"><\/div><\/div><\/div><\/p>\n<\/div><\/div>\n<\/div>\n","protected":false},"excerpt":{"rendered":"","protected":false},"author":1,"featured_media":0,"parent":0,"menu_order":0,"comment_status":"open","ping_status":"open","template":"","meta":{"footnotes":""},"_links":{"self":[{"href":"https:\/\/www.infoki.com.ar\/index.php?rest_route=\/wp\/v2\/pages\/367"}],"collection":[{"href":"https:\/\/www.infoki.com.ar\/index.php?rest_route=\/wp\/v2\/pages"}],"about":[{"href":"https:\/\/www.infoki.com.ar\/index.php?rest_route=\/wp\/v2\/types\/page"}],"author":[{"embeddable":true,"href":"https:\/\/www.infoki.com.ar\/index.php?rest_route=\/wp\/v2\/users\/1"}],"replies":[{"embeddable":true,"href":"https:\/\/www.infoki.com.ar\/index.php?rest_route=%2Fwp%2Fv2%2Fcomments&post=367"}],"version-history":[{"count":8,"href":"https:\/\/www.infoki.com.ar\/index.php?rest_route=\/wp\/v2\/pages\/367\/revisions"}],"predecessor-version":[{"id":504,"href":"https:\/\/www.infoki.com.ar\/index.php?rest_route=\/wp\/v2\/pages\/367\/revisions\/504"}],"wp:attachment":[{"href":"https:\/\/www.infoki.com.ar\/index.php?rest_route=%2Fwp%2Fv2%2Fmedia&parent=367"}],"curies":[{"name":"wp","href":"https:\/\/api.w.org\/{rel}","templated":true}]}}